{"id":638,"date":"2018-12-27T13:37:05","date_gmt":"2018-12-27T12:37:05","guid":{"rendered":"http:\/\/www.finquesmarba.com\/?page_id=638"},"modified":"2018-12-27T13:37:05","modified_gmt":"2018-12-27T12:37:05","slug":"real-state-agency-barcelona","status":"publish","type":"page","link":"https:\/\/www.finquesmarba.com\/en\/real-state-agency-barcelona\/","title":{"rendered":"Finques Marb\u00e0, your real estate agency in Barcelona"},"content":{"rendered":"<p>[et_pb_section bb_built=&#8221;1&#8243;][et_pb_row][et_pb_column type=&#8221;1_2&#8243;][et_pb_text]<\/p>\n<h2>Te ayudamos a alquilar tu casa en Barcelona<\/h2>\n<p>La principal raz\u00f3n para que conf\u00edes en Finques Marb\u00e1 para <strong>alquilar tu piso en Barcelona<\/strong> es que velamos por tu patrimonio.<br \/>\nPonemos a tu disposici\u00f3n nuestra experiencia y servicios para que consigas <strong>alquilar tu casa al mejor precio y en el menor tiempo posible.<\/strong><\/p>\n<h2>Si quieres alquilar tu piso en Barcelona, Marb\u00e1 es tu inmobiliaria<\/h2>\n<div class=\"col-md-6 \" data-appear-animation=\"bounceInRight\"><img loading=\"lazy\" decoding=\"async\" class=\"wp-image-590\" src=\"https:\/\/www.finquesmarba.com\/wp-content\/uploads\/2018\/08\/marba-alquilar-piso-barcelona-05.jpg\" alt=\"\" width=\"450\" height=\"675\" srcset=\"https:\/\/www.finquesmarba.com\/wp-content\/uploads\/2018\/08\/marba-alquilar-piso-barcelona-05.jpg 600w, https:\/\/www.finquesmarba.com\/wp-content\/uploads\/2018\/08\/marba-alquilar-piso-barcelona-05-200x300.jpg 200w\" sizes=\"(max-width: 450px) 100vw, 450px\" \/><\/p>\n<\/div>\n<div class=\"col-md-6 \" data-appear-animation=\"bounceInRight\">En Finques Marb\u00e0 nos ponemos a trabajar desde el primer momento para que alquiles tu piso en Barcelona.<\/p>\n<p>Nuestra experiencia de m\u00e1s de 80 a\u00f1os en el sector inmobiliario, nos permite ofrecerte una serie de servicios que har\u00e1n que alquiles tu inmueble a un buen precio, a los inquilinos m\u00e1s adecuados, con la mayor tranquilidad y un asesoramiento personalizado.<\/p>\n<ul>\n<li>Valoramos tu inmueble y te trasladamos su valor.<\/li>\n<li>Realizamos un estudio de viabilidad para el alquiler.<\/li>\n<li>Llevamos a cabo un reportaje fotogr\u00e1fico de tu piso.<\/li>\n<li>Anunciamos tu inmueble en nuestra web y diversos portales.<\/li>\n<li>Hacemos un plan de marketing inmobiliario: home staging, tour virtual, video profesional, jornada de puertas abiertas, flyers, redes sociales&#8230;<\/li>\n<li>Gestionamos la relaci\u00f3n con futuros inquilinos: analizamos su solvencia para que alquiles con tranquilidad y cooordinamos, hacemos las visitas oportunas y te reportamos un informe de la visita y las acciones llevadas a cabo.<\/li>\n<li>Una vez alquilado te seguimos ayudando: hacemos la coordinaci\u00f3n de entrada y salida y la entrega de llaves.<\/li>\n<li>Cuando el contrato va a finalizar, te ayudamos con la negociaci\u00f3n y cierre de renovaciones.<\/li>\n<\/ul>\n<a class=\"btn btn-primary  \" href=\"http:\/\/\" target=\"_self\" >Contacta con nosotros si quieres alquilar<\/a><\/div>\n<p>[\/et_pb_text][et_pb_text _builder_version=&#8221;3.13.1&#8243;]<\/p>\n<p>da<\/p>\n<p>[\/et_pb_text][\/et_pb_column][et_pb_column type=&#8221;1_2&#8243;][et_pb_text]<\/p>\n<h2>Te ayudamos a alquilar tu casa en Barcelona<\/h2>\n<p>La principal raz\u00f3n para que conf\u00edes en Finques Marb\u00e1 para <strong>alquilar tu piso en Barcelona<\/strong> es que velamos por tu patrimonio.<br \/>\nPonemos a tu disposici\u00f3n nuestra experiencia y servicios para que consigas <strong>alquilar tu casa al mejor precio y en el menor tiempo posible.<\/strong><\/p>\n<h2>Si quieres alquilar tu piso en Barcelona, Marb\u00e1 es tu inmobiliaria<\/h2>\n<div class=\"col-md-6 \" data-appear-animation=\"bounceInRight\"><img loading=\"lazy\" decoding=\"async\" class=\"wp-image-590\" src=\"https:\/\/www.finquesmarba.com\/wp-content\/uploads\/2018\/08\/marba-alquilar-piso-barcelona-05.jpg\" alt=\"\" width=\"450\" height=\"675\" srcset=\"https:\/\/www.finquesmarba.com\/wp-content\/uploads\/2018\/08\/marba-alquilar-piso-barcelona-05.jpg 600w, https:\/\/www.finquesmarba.com\/wp-content\/uploads\/2018\/08\/marba-alquilar-piso-barcelona-05-200x300.jpg 200w\" sizes=\"(max-width: 450px) 100vw, 450px\" \/><\/p>\n<\/div>\n<div class=\"col-md-6 \" data-appear-animation=\"bounceInRight\">En Finques Marb\u00e0 nos ponemos a trabajar desde el primer momento para que alquiles tu piso en Barcelona.<\/p>\n<p>Nuestra experiencia de m\u00e1s de 80 a\u00f1os en el sector inmobiliario, nos permite ofrecerte una serie de servicios que har\u00e1n que alquiles tu inmueble a un buen precio, a los inquilinos m\u00e1s adecuados, con la mayor tranquilidad y un asesoramiento personalizado.<\/p>\n<ul>\n<li>Valoramos tu inmueble y te trasladamos su valor.<\/li>\n<li>Realizamos un estudio de viabilidad para el alquiler.<\/li>\n<li>Llevamos a cabo un reportaje fotogr\u00e1fico de tu piso.<\/li>\n<li>Anunciamos tu inmueble en nuestra web y diversos portales.<\/li>\n<li>Hacemos un plan de marketing inmobiliario: home staging, tour virtual, video profesional, jornada de puertas abiertas, flyers, redes sociales&#8230;<\/li>\n<li>Gestionamos la relaci\u00f3n con futuros inquilinos: analizamos su solvencia para que alquiles con tranquilidad y cooordinamos, hacemos las visitas oportunas y te reportamos un informe de la visita y las acciones llevadas a cabo.<\/li>\n<li>Una vez alquilado te seguimos ayudando: hacemos la coordinaci\u00f3n de entrada y salida y la entrega de llaves.<\/li>\n<li>Cuando el contrato va a finalizar, te ayudamos con la negociaci\u00f3n y cierre de renovaciones.<\/li>\n<\/ul>\n<a class=\"btn btn-primary  \" href=\"http:\/\/\" target=\"_self\" >Contacta con nosotros si quieres alquilar<\/a><\/div>\n<p>[\/et_pb_text][et_pb_image _builder_version=&#8221;3.13.1&#8243; \/][et_pb_button _builder_version=&#8221;3.13.1&#8243; button_text=&#8221;trsaar&#8221; \/][\/et_pb_column][\/et_pb_row][et_pb_row][et_pb_column type=&#8221;4_4&#8243;][\/et_pb_column][\/et_pb_row][et_pb_row][et_pb_column type=&#8221;1_2&#8243;][\/et_pb_column][et_pb_column type=&#8221;1_2&#8243;][\/et_pb_column][\/et_pb_row][\/et_pb_section]<\/p>\n","protected":false},"excerpt":{"rendered":"<p>Te ayudamos a alquilar tu casa en Barcelona La&#8230;<\/p>\n","protected":false},"author":1,"featured_media":0,"parent":0,"menu_order":0,"comment_status":"closed","ping_status":"closed","template":"","meta":{"_et_pb_use_builder":"on","_et_pb_old_content":"<h2>Te ayudamos a alquilar tu casa en Barcelona<\/h2><p>La principal raz\u00f3n para que conf\u00edes en Finques Marb\u00e1 para <strong>alquilar tu piso en Barcelona<\/strong> es que velamos por tu patrimonio.<br \/>Ponemos a tu disposici\u00f3n nuestra experiencia y servicios para que consigas <strong>alquilar tu casa al mejor precio y en el menor tiempo posible.<\/strong><\/p><h2>Si quieres alquilar tu piso en Barcelona, Marb\u00e1 es tu inmobiliaria<\/h2><p>[one_half extra=\"\" anim=\"bounceInRight\"]<\/p><p><img class=\"wp-image-590\" src=\"http:\/\/www.finquesmarba.com\/wp-content\/uploads\/2018\/08\/marba-alquilar-piso-barcelona-05.jpg\" alt=\"\" width=\"450\" height=\"675\" \/><\/p><p>[\/one_half]<br \/>[one_half extra=\"\" anim=\"bounceInRight\"]<\/p><p>En Finques Marb\u00e0 nos ponemos a trabajar desde el primer momento para que alquiles tu piso en Barcelona.<\/p><p>Nuestra experiencia de m\u00e1s de 80 a\u00f1os en el sector inmobiliario, nos permite ofrecerte una serie de servicios que har\u00e1n que alquiles tu inmueble a un buen precio, a los inquilinos m\u00e1s adecuados, con la mayor tranquilidad y un asesoramiento personalizado.<\/p><ul><li>Valoramos tu inmueble y te trasladamos su valor.<\/li><li>Realizamos un estudio de viabilidad para el alquiler.<\/li><li>Llevamos a cabo un reportaje fotogr\u00e1fico de tu piso.<\/li><li>Anunciamos tu inmueble en nuestra web y diversos portales.<\/li><li>Hacemos un plan de marketing inmobiliario: home staging, tour virtual, video profesional, jornada de puertas abiertas, flyers, redes sociales...<\/li><li>Gestionamos la relaci\u00f3n con futuros inquilinos: analizamos su solvencia para que alquiles con tranquilidad y cooordinamos, hacemos las visitas oportunas y te reportamos un informe de la visita y las acciones llevadas a cabo.<\/li><li>Una vez alquilado te seguimos ayudando: hacemos la coordinaci\u00f3n de entrada y salida y la entrega de llaves.<\/li><li>Cuando el contrato va a finalizar, te ayudamos con la negociaci\u00f3n y cierre de renovaciones.<\/li><\/ul><p>[imic_button colour=\"btn-primary\" type=\"enabled\" link=\"http:\/\/\" target=\"_self\" extraclass=\"\" size=\"\"]Contacta con nosotros si quieres alquilar[\/imic_button]<\/p><p>[\/one_half]<\/p>","_et_gb_content_width":"","footnotes":""},"class_list":["post-638","page","type-page","status-publish","hentry"],"yoast_head":"<!-- This site is optimized with the Yoast SEO plugin v21.8 - https:\/\/yoast.com\/wordpress\/plugins\/seo\/ -->\n<title>Finques Marb\u00e0, your real estate agency in Barcelona<\/title>\n<meta name=\"description\" content=\"Finques Marb\u00e0, your real estate agency in Barcelona. If you would like to rent or sell your flat with all the amenities, contact us.\" \/>\n<meta name=\"robots\" content=\"index, follow, max-snippet:-1, max-image-preview:large, max-video-preview:-1\" \/>\n<link rel=\"canonical\" href=\"https:\/\/www.finquesmarba.com\/en\/real-state-agency-barcelona\/\" \/>\n<meta property=\"og:locale\" content=\"en_US\" \/>\n<meta property=\"og:type\" content=\"article\" \/>\n<meta property=\"og:title\" content=\"Finques Marb\u00e0, your real estate agency in Barcelona\" \/>\n<meta property=\"og:description\" content=\"Finques Marb\u00e0, your real estate agency in Barcelona. If you would like to rent or sell your flat with all the amenities, contact us.\" \/>\n<meta property=\"og:url\" content=\"https:\/\/www.finquesmarba.com\/en\/real-state-agency-barcelona\/\" \/>\n<meta property=\"og:site_name\" content=\"Finques Marb\u00e0\" \/>\n<meta property=\"article:publisher\" content=\"https:\/\/www.facebook.com\/finquesmarba\" \/>\n<meta property=\"og:image\" content=\"https:\/\/www.finquesmarba.com\/wp-content\/uploads\/2018\/08\/marba-alquilar-piso-barcelona-05.jpg\" \/>\n<meta name=\"twitter:card\" content=\"summary_large_image\" \/>\n<meta name=\"twitter:label1\" content=\"Est. reading time\" \/>\n\t<meta name=\"twitter:data1\" content=\"3 minutes\" \/>\n<script type=\"application\/ld+json\" class=\"yoast-schema-graph\">{\"@context\":\"https:\/\/schema.org\",\"@graph\":[{\"@type\":\"WebPage\",\"@id\":\"https:\/\/www.finquesmarba.com\/en\/real-state-agency-barcelona\/\",\"url\":\"https:\/\/www.finquesmarba.com\/en\/real-state-agency-barcelona\/\",\"name\":\"Finques Marb\u00e0, your real estate agency in Barcelona\",\"isPartOf\":{\"@id\":\"https:\/\/www.finquesmarba.com\/#website\"},\"datePublished\":\"2018-12-27T12:37:05+00:00\",\"dateModified\":\"2018-12-27T12:37:05+00:00\",\"description\":\"Finques Marb\u00e0, your real estate agency in Barcelona. If you would like to rent or sell your flat with all the amenities, contact us.\",\"breadcrumb\":{\"@id\":\"https:\/\/www.finquesmarba.com\/en\/real-state-agency-barcelona\/#breadcrumb\"},\"inLanguage\":\"en-US\",\"potentialAction\":[{\"@type\":\"ReadAction\",\"target\":[\"https:\/\/www.finquesmarba.com\/en\/real-state-agency-barcelona\/\"]}]},{\"@type\":\"BreadcrumbList\",\"@id\":\"https:\/\/www.finquesmarba.com\/en\/real-state-agency-barcelona\/#breadcrumb\",\"itemListElement\":[{\"@type\":\"ListItem\",\"position\":1,\"name\":\"Inici\",\"item\":\"https:\/\/www.finquesmarba.com\/en\/\"},{\"@type\":\"ListItem\",\"position\":2,\"name\":\"Finques Marb\u00e0, your real estate agency in Barcelona\"}]},{\"@type\":\"WebSite\",\"@id\":\"https:\/\/www.finquesmarba.com\/#website\",\"url\":\"https:\/\/www.finquesmarba.com\/\",\"name\":\"Finques Marb\u00e0\",\"description\":\"Just another WordPress site\",\"potentialAction\":[{\"@type\":\"SearchAction\",\"target\":{\"@type\":\"EntryPoint\",\"urlTemplate\":\"https:\/\/www.finquesmarba.com\/?s={search_term_string}\"},\"query-input\":\"required name=search_term_string\"}],\"inLanguage\":\"en-US\"}]}<\/script>\n<!-- \/ Yoast SEO plugin. -->","yoast_head_json":{"title":"Finques Marb\u00e0, your real estate agency in Barcelona","description":"Finques Marb\u00e0, your real estate agency in Barcelona. If you would like to rent or sell your flat with all the amenities, contact us.","robots":{"index":"index","follow":"follow","max-snippet":"max-snippet:-1","max-image-preview":"max-image-preview:large","max-video-preview":"max-video-preview:-1"},"canonical":"https:\/\/www.finquesmarba.com\/en\/real-state-agency-barcelona\/","og_locale":"en_US","og_type":"article","og_title":"Finques Marb\u00e0, your real estate agency in Barcelona","og_description":"Finques Marb\u00e0, your real estate agency in Barcelona. If you would like to rent or sell your flat with all the amenities, contact us.","og_url":"https:\/\/www.finquesmarba.com\/en\/real-state-agency-barcelona\/","og_site_name":"Finques Marb\u00e0","article_publisher":"https:\/\/www.facebook.com\/finquesmarba","og_image":[{"url":"https:\/\/www.finquesmarba.com\/wp-content\/uploads\/2018\/08\/marba-alquilar-piso-barcelona-05.jpg"}],"twitter_card":"summary_large_image","twitter_misc":{"Est. reading time":"3 minutes"},"schema":{"@context":"https:\/\/schema.org","@graph":[{"@type":"WebPage","@id":"https:\/\/www.finquesmarba.com\/en\/real-state-agency-barcelona\/","url":"https:\/\/www.finquesmarba.com\/en\/real-state-agency-barcelona\/","name":"Finques Marb\u00e0, your real estate agency in Barcelona","isPartOf":{"@id":"https:\/\/www.finquesmarba.com\/#website"},"datePublished":"2018-12-27T12:37:05+00:00","dateModified":"2018-12-27T12:37:05+00:00","description":"Finques Marb\u00e0, your real estate agency in Barcelona. If you would like to rent or sell your flat with all the amenities, contact us.","breadcrumb":{"@id":"https:\/\/www.finquesmarba.com\/en\/real-state-agency-barcelona\/#breadcrumb"},"inLanguage":"en-US","potentialAction":[{"@type":"ReadAction","target":["https:\/\/www.finquesmarba.com\/en\/real-state-agency-barcelona\/"]}]},{"@type":"BreadcrumbList","@id":"https:\/\/www.finquesmarba.com\/en\/real-state-agency-barcelona\/#breadcrumb","itemListElement":[{"@type":"ListItem","position":1,"name":"Inici","item":"https:\/\/www.finquesmarba.com\/en\/"},{"@type":"ListItem","position":2,"name":"Finques Marb\u00e0, your real estate agency in Barcelona"}]},{"@type":"WebSite","@id":"https:\/\/www.finquesmarba.com\/#website","url":"https:\/\/www.finquesmarba.com\/","name":"Finques Marb\u00e0","description":"Just another WordPress site","potentialAction":[{"@type":"SearchAction","target":{"@type":"EntryPoint","urlTemplate":"https:\/\/www.finquesmarba.com\/?s={search_term_string}"},"query-input":"required name=search_term_string"}],"inLanguage":"en-US"}]}},"_links":{"self":[{"href":"https:\/\/www.finquesmarba.com\/en\/wp-json\/wp\/v2\/pages\/638","targetHints":{"allow":["GET"]}}],"collection":[{"href":"https:\/\/www.finquesmarba.com\/en\/wp-json\/wp\/v2\/pages"}],"about":[{"href":"https:\/\/www.finquesmarba.com\/en\/wp-json\/wp\/v2\/types\/page"}],"author":[{"embeddable":true,"href":"https:\/\/www.finquesmarba.com\/en\/wp-json\/wp\/v2\/users\/1"}],"replies":[{"embeddable":true,"href":"https:\/\/www.finquesmarba.com\/en\/wp-json\/wp\/v2\/comments?post=638"}],"version-history":[{"count":1,"href":"https:\/\/www.finquesmarba.com\/en\/wp-json\/wp\/v2\/pages\/638\/revisions"}],"predecessor-version":[{"id":8399,"href":"https:\/\/www.finquesmarba.com\/en\/wp-json\/wp\/v2\/pages\/638\/revisions\/8399"}],"wp:attachment":[{"href":"https:\/\/www.finquesmarba.com\/en\/wp-json\/wp\/v2\/media?parent=638"}],"curies":[{"name":"wp","href":"https:\/\/api.w.org\/{rel}","templated":true}]}}