{"id":9083,"date":"2019-01-12T16:37:57","date_gmt":"2019-01-12T15:37:57","guid":{"rendered":"https:\/\/www.finquesmarba.com\/?page_id=9083"},"modified":"2020-05-25T10:01:47","modified_gmt":"2020-05-25T08:01:47","slug":"gracies","status":"publish","type":"page","link":"https:\/\/www.finquesmarba.com\/ca\/gracies\/","title":{"rendered":"Gr\u00e0cies per contactar amb Marb\u00e0"},"content":{"rendered":"<p>[et_pb_section bb_built=&#8221;1&#8243;][et_pb_row][et_pb_column type=&#8221;1_2&#8243;][et_pb_text _builder_version=&#8221;3.13.1&#8243;]<\/p>\n<h2 class=\"p1\"><strong>Gr\u00e0cies!<\/strong><\/h2>\n<p class=\"p1\">Sabem l&#8217;important que \u00e9s per a tu trobar a\u00a0una ag\u00e8ncia\u00a0immobili\u00e0ria en qui confiar i que s\u00e0piga transmetre al futur propietari o inquil\u00ed el valor que t\u00e9 la teva llar per a tu, per aix\u00f2 t&#8217;aportem solucions de valor afegit.<\/p>\n<p class=\"p1\">Moltes gr\u00e0cies per contactar amb\u00a0Marb\u00e0. Ens posarem en contacte amb tu al m\u00e9s aviat possible.<\/p>\n<p>[\/et_pb_text][\/et_pb_column][et_pb_column type=&#8221;1_2&#8243;][et_pb_image _builder_version=&#8221;3.13.1&#8243; src=&#8221;https:\/\/www.finquesmarba.com\/wp-content\/uploads\/2019\/01\/finques_marba\u0300-181.jpg&#8221; \/][\/et_pb_column][\/et_pb_row][et_pb_row][et_pb_column type=&#8221;4_4&#8243;][et_pb_divider _builder_version=&#8221;3.13.1&#8243; color=&#8221;#ed6861&#8243; divider_weight=&#8221;2&#8243; height=&#8221;15px&#8221; \/][et_pb_text _builder_version=&#8221;3.13.1&#8243;]<\/p>\n<h3 class=\"p1\" style=\"text-align: center;\">Encara no coneixes el nostre blog?<\/h3>\n<h3 class=\"p1\" style=\"text-align: center;\">Descobreix les \u00faltimes novetats al sector immobiliari<\/h3>\n<p>[\/et_pb_text][et_pb_blog _builder_version=&#8221;3.13.1&#8243; posts_number=&#8221;3&#8243; show_date=&#8221;off&#8221; show_categories=&#8221;off&#8221; show_pagination=&#8221;off&#8221; fullwidth=&#8221;off&#8221; \/][\/et_pb_column][\/et_pb_row][\/et_pb_section]<\/p>\n","protected":false},"excerpt":{"rendered":"<p>Gr\u00e0cies! Sabem l&#8217;important que \u00e9s per a tu&#8230;<\/p>\n","protected":false},"author":1,"featured_media":0,"parent":0,"menu_order":0,"comment_status":"closed","ping_status":"closed","template":"","meta":{"_et_pb_use_builder":"on","_et_pb_old_content":"","_et_gb_content_width":"","footnotes":""},"class_list":["post-9083","page","type-page","status-publish","hentry"],"yoast_head":"<!-- This site is optimized with the Yoast SEO plugin v21.8 - https:\/\/yoast.com\/wordpress\/plugins\/seo\/ -->\n<title>Gr\u00e0cies - Finques Marb\u00e0<\/title>\n<meta name=\"description\" content=\"Moltes gr\u00e0cies per contactar amb\u00a0Marb\u00e0. Ens posarem en contacte amb tu al m\u00e9s aviat possible.\" \/>\n<meta name=\"robots\" content=\"noindex, follow\" \/>\n<meta property=\"og:locale\" content=\"ca_ES\" \/>\n<meta property=\"og:type\" content=\"article\" \/>\n<meta property=\"og:title\" content=\"Gr\u00e0cies - Finques Marb\u00e0\" \/>\n<meta property=\"og:description\" content=\"Moltes gr\u00e0cies per contactar amb\u00a0Marb\u00e0. Ens posarem en contacte amb tu al m\u00e9s aviat possible.\" \/>\n<meta property=\"og:url\" content=\"https:\/\/www.finquesmarba.com\/ca\/gracies\/\" \/>\n<meta property=\"og:site_name\" content=\"Finques Marb\u00e0\" \/>\n<meta property=\"article:publisher\" content=\"https:\/\/www.facebook.com\/finquesmarba\" \/>\n<meta property=\"article:modified_time\" content=\"2020-05-25T08:01:47+00:00\" \/>\n<meta name=\"twitter:card\" content=\"summary_large_image\" \/>\n<meta name=\"twitter:label1\" content=\"Temps estimat de lectura\" \/>\n\t<meta name=\"twitter:data1\" content=\"1 minut\" \/>\n<script type=\"application\/ld+json\" class=\"yoast-schema-graph\">{\"@context\":\"https:\/\/schema.org\",\"@graph\":[{\"@type\":\"WebPage\",\"@id\":\"https:\/\/www.finquesmarba.com\/ca\/gracies\/\",\"url\":\"https:\/\/www.finquesmarba.com\/ca\/gracies\/\",\"name\":\"Gr\u00e0cies - Finques Marb\u00e0\",\"isPartOf\":{\"@id\":\"https:\/\/www.finquesmarba.com\/#website\"},\"datePublished\":\"2019-01-12T15:37:57+00:00\",\"dateModified\":\"2020-05-25T08:01:47+00:00\",\"description\":\"Moltes gr\u00e0cies per contactar amb\u00a0Marb\u00e0. Ens posarem en contacte amb tu al m\u00e9s aviat possible.\",\"breadcrumb\":{\"@id\":\"https:\/\/www.finquesmarba.com\/ca\/gracies\/#breadcrumb\"},\"inLanguage\":\"ca\",\"potentialAction\":[{\"@type\":\"ReadAction\",\"target\":[\"https:\/\/www.finquesmarba.com\/ca\/gracies\/\"]}]},{\"@type\":\"BreadcrumbList\",\"@id\":\"https:\/\/www.finquesmarba.com\/ca\/gracies\/#breadcrumb\",\"itemListElement\":[{\"@type\":\"ListItem\",\"position\":1,\"name\":\"Inici\",\"item\":\"https:\/\/www.finquesmarba.com\/ca\/\"},{\"@type\":\"ListItem\",\"position\":2,\"name\":\"Gr\u00e0cies per contactar amb Marb\u00e0\"}]},{\"@type\":\"WebSite\",\"@id\":\"https:\/\/www.finquesmarba.com\/#website\",\"url\":\"https:\/\/www.finquesmarba.com\/\",\"name\":\"Finques Marb\u00e0\",\"description\":\"Just another WordPress site\",\"potentialAction\":[{\"@type\":\"SearchAction\",\"target\":{\"@type\":\"EntryPoint\",\"urlTemplate\":\"https:\/\/www.finquesmarba.com\/?s={search_term_string}\"},\"query-input\":\"required name=search_term_string\"}],\"inLanguage\":\"ca\"}]}<\/script>\n<!-- \/ Yoast SEO plugin. -->","yoast_head_json":{"title":"Gr\u00e0cies - Finques Marb\u00e0","description":"Moltes gr\u00e0cies per contactar amb\u00a0Marb\u00e0. Ens posarem en contacte amb tu al m\u00e9s aviat possible.","robots":{"index":"noindex","follow":"follow"},"og_locale":"ca_ES","og_type":"article","og_title":"Gr\u00e0cies - Finques Marb\u00e0","og_description":"Moltes gr\u00e0cies per contactar amb\u00a0Marb\u00e0. Ens posarem en contacte amb tu al m\u00e9s aviat possible.","og_url":"https:\/\/www.finquesmarba.com\/ca\/gracies\/","og_site_name":"Finques Marb\u00e0","article_publisher":"https:\/\/www.facebook.com\/finquesmarba","article_modified_time":"2020-05-25T08:01:47+00:00","twitter_card":"summary_large_image","twitter_misc":{"Temps estimat de lectura":"1 minut"},"schema":{"@context":"https:\/\/schema.org","@graph":[{"@type":"WebPage","@id":"https:\/\/www.finquesmarba.com\/ca\/gracies\/","url":"https:\/\/www.finquesmarba.com\/ca\/gracies\/","name":"Gr\u00e0cies - Finques Marb\u00e0","isPartOf":{"@id":"https:\/\/www.finquesmarba.com\/#website"},"datePublished":"2019-01-12T15:37:57+00:00","dateModified":"2020-05-25T08:01:47+00:00","description":"Moltes gr\u00e0cies per contactar amb\u00a0Marb\u00e0. Ens posarem en contacte amb tu al m\u00e9s aviat possible.","breadcrumb":{"@id":"https:\/\/www.finquesmarba.com\/ca\/gracies\/#breadcrumb"},"inLanguage":"ca","potentialAction":[{"@type":"ReadAction","target":["https:\/\/www.finquesmarba.com\/ca\/gracies\/"]}]},{"@type":"BreadcrumbList","@id":"https:\/\/www.finquesmarba.com\/ca\/gracies\/#breadcrumb","itemListElement":[{"@type":"ListItem","position":1,"name":"Inici","item":"https:\/\/www.finquesmarba.com\/ca\/"},{"@type":"ListItem","position":2,"name":"Gr\u00e0cies per contactar amb Marb\u00e0"}]},{"@type":"WebSite","@id":"https:\/\/www.finquesmarba.com\/#website","url":"https:\/\/www.finquesmarba.com\/","name":"Finques Marb\u00e0","description":"Just another WordPress site","potentialAction":[{"@type":"SearchAction","target":{"@type":"EntryPoint","urlTemplate":"https:\/\/www.finquesmarba.com\/?s={search_term_string}"},"query-input":"required name=search_term_string"}],"inLanguage":"ca"}]}},"_links":{"self":[{"href":"https:\/\/www.finquesmarba.com\/ca\/wp-json\/wp\/v2\/pages\/9083","targetHints":{"allow":["GET"]}}],"collection":[{"href":"https:\/\/www.finquesmarba.com\/ca\/wp-json\/wp\/v2\/pages"}],"about":[{"href":"https:\/\/www.finquesmarba.com\/ca\/wp-json\/wp\/v2\/types\/page"}],"author":[{"embeddable":true,"href":"https:\/\/www.finquesmarba.com\/ca\/wp-json\/wp\/v2\/users\/1"}],"replies":[{"embeddable":true,"href":"https:\/\/www.finquesmarba.com\/ca\/wp-json\/wp\/v2\/comments?post=9083"}],"version-history":[{"count":4,"href":"https:\/\/www.finquesmarba.com\/ca\/wp-json\/wp\/v2\/pages\/9083\/revisions"}],"predecessor-version":[{"id":39111,"href":"https:\/\/www.finquesmarba.com\/ca\/wp-json\/wp\/v2\/pages\/9083\/revisions\/39111"}],"wp:attachment":[{"href":"https:\/\/www.finquesmarba.com\/ca\/wp-json\/wp\/v2\/media?parent=9083"}],"curies":[{"name":"wp","href":"https:\/\/api.w.org\/{rel}","templated":true}]}}