{"id":51,"date":"2014-06-26T07:16:05","date_gmt":"2014-06-26T07:16:05","guid":{"rendered":"http:\/\/wp.imicreationlive.com\/real-spaces\/?page_id=51"},"modified":"2019-03-11T17:21:56","modified_gmt":"2019-03-11T16:21:56","slug":"contacte","status":"publish","type":"page","link":"https:\/\/www.finquesmarba.com\/ca\/contacte\/","title":{"rendered":"Contacte"},"content":{"rendered":"<p>[et_pb_section bb_built=&#8221;1&#8243;][et_pb_row][et_pb_column type=&#8221;4_4&#8243;][et_pb_text _builder_version=&#8221;3.13.1&#8243;]<\/p>\n<h4>Marb\u00e0<\/h4>\n<p><a href=\"mailto:info@finquesmarba.com\">info@finquesmarba.com<\/a><br \/>\n<a title=\"Finques Marb\u00e0\" href=\"https:\/\/www.finquesmarba.com\">https:\/\/www.finquesmarba.com<\/a><br \/>\n934 583 687<br \/>\nBalmes,239 Pral. 1a Barcelona (Barcelona) 08006<\/p>\n<p>&nbsp;<\/p>\n<p>[\/et_pb_text][et_pb_text _builder_version=&#8221;3.13.1&#8243;]<\/p>\n<p class=\"m_-1444888461327605405gmail-p1\">Marb\u00e0, la teva <strong>inmobili\u00e0ria a Barcelona<\/strong><\/p>\n<p>Som <strong>l&#8217;ag\u00e8ncia inmobili\u00e0ria<\/strong> que t&#8217;ajuda a vendre o llogar el teu pis a Barcelona i prov\u00edncia<\/p>\n<p class=\"p1\">Escriu-nos i et contactarem menys de 24 hores.<\/p>\n<p>&nbsp;<\/p>\n<p>[\/et_pb_text][\/et_pb_column][\/et_pb_row][et_pb_row][et_pb_column type=&#8221;1_3&#8243;][\/et_pb_column][et_pb_column type=&#8221;1_3&#8243;][\/et_pb_column][et_pb_column type=&#8221;1_3&#8243;][\/et_pb_column][\/et_pb_row][\/et_pb_section]<\/p>\n","protected":false},"excerpt":{"rendered":"<p>[et_pb_section bb_built=&#8221;1&#8243;][et_pb_row][et_pb_column type=&#8221;4_4&#8243;][et_pb_text _builder_version=&#8221;3.13.1&#8243;] Marb\u00e0 info@finquesmarba.com https:\/\/www.finquesmarba.com 934 583 687 Balmes,239 Pral. 1a Barcelona (Barcelona) 08006 &nbsp; [\/et_pb_text][et_pb_text _builder_version=&#8221;3.13.1&#8243;] Marb\u00e0, la teva inmobili\u00e0ria a Barcelona Som l&#8217;ag\u00e8ncia inmobili\u00e0ria que t&#8217;ajuda a vendre o llogar el teu pis a Barcelona i prov\u00edncia Escriu-nos i et contactarem menys de 24 hores. &nbsp; [\/et_pb_text][\/et_pb_column][\/et_pb_row][et_pb_row][et_pb_column type=&#8221;1_3&#8243;][\/et_pb_column][et_pb_column type=&#8221;1_3&#8243;][\/et_pb_column][et_pb_column type=&#8221;1_3&#8243;][\/et_pb_column][\/et_pb_row][\/et_pb_section]<\/p>\n","protected":false},"author":1,"featured_media":0,"parent":0,"menu_order":0,"comment_status":"open","ping_status":"closed","template":"template-contact.php","meta":{"_et_pb_use_builder":"off","_et_pb_old_content":"<h4>Finques Marb\u00e0<\/h4><p><a href=\"mailto:info@finquesmarba.com\">info@finquesmarba.com<\/a><br \/><a title=\"Finques Marb\u00e0\" href=\"https:\/\/www.finquesmarba.com\">https:\/\/www.finquesmarba.com<\/a><br \/>934 583 687<br \/>Balmes,239 Pral. 1a Barcelona (Barcelona) 08006<\/p>","_et_gb_content_width":"","footnotes":""},"class_list":["post-51","page","type-page","status-publish","hentry"],"yoast_head":"<!-- This site is optimized with the Yoast SEO plugin v21.8 - https:\/\/yoast.com\/wordpress\/plugins\/seo\/ -->\n<title>Contacte - Finques Marb\u00e0<\/title>\n<meta name=\"description\" content=\"Si vols vendre o llogar el teu pis en una immobili\u00e0ria de Barcelona amb una llarga traject\u00f2ria, posa&#039;t en contacte amb nosaltres.\" \/>\n<meta name=\"robots\" content=\"index, follow, max-snippet:-1, max-image-preview:large, max-video-preview:-1\" \/>\n<link rel=\"canonical\" href=\"https:\/\/www.finquesmarba.com\/ca\/contacte\/\" \/>\n<meta property=\"og:locale\" content=\"ca_ES\" \/>\n<meta property=\"og:type\" content=\"article\" \/>\n<meta property=\"og:title\" content=\"Contacte - Finques Marb\u00e0\" \/>\n<meta property=\"og:description\" content=\"Si vols vendre o llogar el teu pis en una immobili\u00e0ria de Barcelona amb una llarga traject\u00f2ria, posa&#039;t en contacte amb nosaltres.\" \/>\n<meta property=\"og:url\" content=\"https:\/\/www.finquesmarba.com\/ca\/contacte\/\" \/>\n<meta property=\"og:site_name\" content=\"Finques Marb\u00e0\" \/>\n<meta property=\"article:publisher\" content=\"https:\/\/www.facebook.com\/finquesmarba\" \/>\n<meta property=\"article:modified_time\" content=\"2019-03-11T16:21:56+00:00\" \/>\n<meta name=\"twitter:card\" content=\"summary_large_image\" \/>\n<meta name=\"twitter:label1\" content=\"Temps estimat de lectura\" \/>\n\t<meta name=\"twitter:data1\" content=\"1 minut\" \/>\n<script type=\"application\/ld+json\" class=\"yoast-schema-graph\">{\"@context\":\"https:\/\/schema.org\",\"@graph\":[{\"@type\":\"WebPage\",\"@id\":\"https:\/\/www.finquesmarba.com\/ca\/contacte\/\",\"url\":\"https:\/\/www.finquesmarba.com\/ca\/contacte\/\",\"name\":\"Contacte - Finques Marb\u00e0\",\"isPartOf\":{\"@id\":\"https:\/\/www.finquesmarba.com\/#website\"},\"datePublished\":\"2014-06-26T07:16:05+00:00\",\"dateModified\":\"2019-03-11T16:21:56+00:00\",\"description\":\"Si vols vendre o llogar el teu pis en una immobili\u00e0ria de Barcelona amb una llarga traject\u00f2ria, posa't en contacte amb nosaltres.\",\"breadcrumb\":{\"@id\":\"https:\/\/www.finquesmarba.com\/ca\/contacte\/#breadcrumb\"},\"inLanguage\":\"ca\",\"potentialAction\":[{\"@type\":\"ReadAction\",\"target\":[\"https:\/\/www.finquesmarba.com\/ca\/contacte\/\"]}]},{\"@type\":\"BreadcrumbList\",\"@id\":\"https:\/\/www.finquesmarba.com\/ca\/contacte\/#breadcrumb\",\"itemListElement\":[{\"@type\":\"ListItem\",\"position\":1,\"name\":\"Inici\",\"item\":\"https:\/\/www.finquesmarba.com\/ca\/\"},{\"@type\":\"ListItem\",\"position\":2,\"name\":\"Contacte\"}]},{\"@type\":\"WebSite\",\"@id\":\"https:\/\/www.finquesmarba.com\/#website\",\"url\":\"https:\/\/www.finquesmarba.com\/\",\"name\":\"Finques Marb\u00e0\",\"description\":\"Just another WordPress site\",\"potentialAction\":[{\"@type\":\"SearchAction\",\"target\":{\"@type\":\"EntryPoint\",\"urlTemplate\":\"https:\/\/www.finquesmarba.com\/?s={search_term_string}\"},\"query-input\":\"required name=search_term_string\"}],\"inLanguage\":\"ca\"}]}<\/script>\n<!-- \/ Yoast SEO plugin. -->","yoast_head_json":{"title":"Contacte - Finques Marb\u00e0","description":"Si vols vendre o llogar el teu pis en una immobili\u00e0ria de Barcelona amb una llarga traject\u00f2ria, posa't en contacte amb nosaltres.","robots":{"index":"index","follow":"follow","max-snippet":"max-snippet:-1","max-image-preview":"max-image-preview:large","max-video-preview":"max-video-preview:-1"},"canonical":"https:\/\/www.finquesmarba.com\/ca\/contacte\/","og_locale":"ca_ES","og_type":"article","og_title":"Contacte - Finques Marb\u00e0","og_description":"Si vols vendre o llogar el teu pis en una immobili\u00e0ria de Barcelona amb una llarga traject\u00f2ria, posa't en contacte amb nosaltres.","og_url":"https:\/\/www.finquesmarba.com\/ca\/contacte\/","og_site_name":"Finques Marb\u00e0","article_publisher":"https:\/\/www.facebook.com\/finquesmarba","article_modified_time":"2019-03-11T16:21:56+00:00","twitter_card":"summary_large_image","twitter_misc":{"Temps estimat de lectura":"1 minut"},"schema":{"@context":"https:\/\/schema.org","@graph":[{"@type":"WebPage","@id":"https:\/\/www.finquesmarba.com\/ca\/contacte\/","url":"https:\/\/www.finquesmarba.com\/ca\/contacte\/","name":"Contacte - Finques Marb\u00e0","isPartOf":{"@id":"https:\/\/www.finquesmarba.com\/#website"},"datePublished":"2014-06-26T07:16:05+00:00","dateModified":"2019-03-11T16:21:56+00:00","description":"Si vols vendre o llogar el teu pis en una immobili\u00e0ria de Barcelona amb una llarga traject\u00f2ria, posa't en contacte amb nosaltres.","breadcrumb":{"@id":"https:\/\/www.finquesmarba.com\/ca\/contacte\/#breadcrumb"},"inLanguage":"ca","potentialAction":[{"@type":"ReadAction","target":["https:\/\/www.finquesmarba.com\/ca\/contacte\/"]}]},{"@type":"BreadcrumbList","@id":"https:\/\/www.finquesmarba.com\/ca\/contacte\/#breadcrumb","itemListElement":[{"@type":"ListItem","position":1,"name":"Inici","item":"https:\/\/www.finquesmarba.com\/ca\/"},{"@type":"ListItem","position":2,"name":"Contacte"}]},{"@type":"WebSite","@id":"https:\/\/www.finquesmarba.com\/#website","url":"https:\/\/www.finquesmarba.com\/","name":"Finques Marb\u00e0","description":"Just another WordPress site","potentialAction":[{"@type":"SearchAction","target":{"@type":"EntryPoint","urlTemplate":"https:\/\/www.finquesmarba.com\/?s={search_term_string}"},"query-input":"required name=search_term_string"}],"inLanguage":"ca"}]}},"_links":{"self":[{"href":"https:\/\/www.finquesmarba.com\/ca\/wp-json\/wp\/v2\/pages\/51","targetHints":{"allow":["GET"]}}],"collection":[{"href":"https:\/\/www.finquesmarba.com\/ca\/wp-json\/wp\/v2\/pages"}],"about":[{"href":"https:\/\/www.finquesmarba.com\/ca\/wp-json\/wp\/v2\/types\/page"}],"author":[{"embeddable":true,"href":"https:\/\/www.finquesmarba.com\/ca\/wp-json\/wp\/v2\/users\/1"}],"replies":[{"embeddable":true,"href":"https:\/\/www.finquesmarba.com\/ca\/wp-json\/wp\/v2\/comments?post=51"}],"version-history":[{"count":5,"href":"https:\/\/www.finquesmarba.com\/ca\/wp-json\/wp\/v2\/pages\/51\/revisions"}],"predecessor-version":[{"id":16460,"href":"https:\/\/www.finquesmarba.com\/ca\/wp-json\/wp\/v2\/pages\/51\/revisions\/16460"}],"wp:attachment":[{"href":"https:\/\/www.finquesmarba.com\/ca\/wp-json\/wp\/v2\/media?parent=51"}],"curies":[{"name":"wp","href":"https:\/\/api.w.org\/{rel}","templated":true}]}}