{"id":43069,"date":"2020-11-30T17:06:46","date_gmt":"2020-11-30T16:06:46","guid":{"rendered":"https:\/\/www.finquesmarba.com\/?page_id=43069"},"modified":"2020-11-30T17:31:20","modified_gmt":"2020-11-30T16:31:20","slug":"avis-legal-2","status":"publish","type":"page","link":"https:\/\/www.finquesmarba.com\/ca\/avis-legal-2\/","title":{"rendered":"Av\u00eds Legal"},"content":{"rendered":"<h3>Pol\u00edtica de privacitat<\/h3>\n<p><strong>Responsable:<\/strong> M\u00f2nica Marb\u00e0<\/p>\n<p><strong>Finalitat:<\/strong>\u00a0Gesti\u00f3 de les sol\u00b7licituds d&#8217;informaci\u00f3 a trav\u00e9s de la p\u00e0gina web amb la finalitat de prestar-los serveis professionals immobiliaris i aix\u00ed facilitar-los informaci\u00f3 sobre el que sol\u00b7liciti.<\/p>\n<p><strong>Legitimaci\u00f3:<\/strong>\u00a0La legitimaci\u00f3 es basa en el consentiment que vost\u00e8 ens atorga al clicar el bot\u00f3 &#8220;Accepto la pol\u00edtica de protecci\u00f3 de dades&#8221;.<\/p>\n<p><strong>Destinataris:<\/strong>\u00a0Les seves dades no se cediran a ning\u00fa, excepte obligaci\u00f3 legal.<\/p>\n<p><strong>Drets:<\/strong> Vost\u00e8 podr\u00e0 exercir els drets d&#8217;acc\u00e9s, rectificaci\u00f3, supressi\u00f3, oposici\u00f3, portabilitat i retirada de consentiment de les seves dades personals a l&#8217;adre\u00e7a de correu electr\u00f2nic info@finquesmarba.com<\/p>\n<h3><\/h3>\n","protected":false},"excerpt":{"rendered":"<p>Pol\u00edtica de privacitat Responsable: M\u00f2nica Marb\u00e0 Finalitat:\u00a0Gesti\u00f3 de les sol\u00b7licituds d&#8217;informaci\u00f3 a trav\u00e9s de la p\u00e0gina web amb la finalitat de prestar-los serveis professionals immobiliaris i aix\u00ed facilitar-los informaci\u00f3 sobre el que sol\u00b7liciti. Legitimaci\u00f3:\u00a0La legitimaci\u00f3 es basa en el consentiment que vost\u00e8 ens atorga al clicar el bot\u00f3 &#8220;Accepto la pol\u00edtica de protecci\u00f3 de dades&#8221;. [&hellip;]<\/p>\n","protected":false},"author":1,"featured_media":0,"parent":0,"menu_order":0,"comment_status":"closed","ping_status":"closed","template":"","meta":{"_et_pb_use_builder":"","_et_pb_old_content":"","_et_gb_content_width":"","footnotes":""},"class_list":["post-43069","page","type-page","status-publish","hentry"],"yoast_head":"<!-- This site is optimized with the Yoast SEO plugin v21.8 - https:\/\/yoast.com\/wordpress\/plugins\/seo\/ -->\n<title>Av\u00eds Legal - Finques Marb\u00e0<\/title>\n<meta name=\"description\" content=\"T&#039;informem de tots els aspectes legals que has de con\u00e8ixer per navegar per www.finquesmarb\u00e0.com\" \/>\n<meta name=\"robots\" content=\"index, nofollow, max-snippet:-1, max-image-preview:large, max-video-preview:-1\" \/>\n<link rel=\"canonical\" href=\"https:\/\/www.finquesmarba.com\/ca\/avis-legal-2\/\" \/>\n<meta property=\"og:locale\" content=\"ca_ES\" \/>\n<meta property=\"og:type\" content=\"article\" \/>\n<meta property=\"og:title\" content=\"Av\u00eds Legal - Finques Marb\u00e0\" \/>\n<meta property=\"og:description\" content=\"T&#039;informem de tots els aspectes legals que has de con\u00e8ixer per navegar per www.finquesmarb\u00e0.com\" \/>\n<meta property=\"og:url\" content=\"https:\/\/www.finquesmarba.com\/ca\/avis-legal-2\/\" \/>\n<meta property=\"og:site_name\" content=\"Finques Marb\u00e0\" \/>\n<meta property=\"article:publisher\" content=\"https:\/\/www.facebook.com\/finquesmarba\" \/>\n<meta property=\"article:modified_time\" content=\"2020-11-30T16:31:20+00:00\" \/>\n<meta name=\"twitter:card\" content=\"summary_large_image\" \/>\n<meta name=\"twitter:label1\" content=\"Temps estimat de lectura\" \/>\n\t<meta name=\"twitter:data1\" content=\"1 minut\" \/>\n<script type=\"application\/ld+json\" class=\"yoast-schema-graph\">{\"@context\":\"https:\/\/schema.org\",\"@graph\":[{\"@type\":\"WebPage\",\"@id\":\"https:\/\/www.finquesmarba.com\/ca\/avis-legal-2\/\",\"url\":\"https:\/\/www.finquesmarba.com\/ca\/avis-legal-2\/\",\"name\":\"Av\u00eds Legal - Finques Marb\u00e0\",\"isPartOf\":{\"@id\":\"https:\/\/www.finquesmarba.com\/#website\"},\"datePublished\":\"2020-11-30T16:06:46+00:00\",\"dateModified\":\"2020-11-30T16:31:20+00:00\",\"description\":\"T'informem de tots els aspectes legals que has de con\u00e8ixer per navegar per www.finquesmarb\u00e0.com\",\"breadcrumb\":{\"@id\":\"https:\/\/www.finquesmarba.com\/ca\/avis-legal-2\/#breadcrumb\"},\"inLanguage\":\"ca\",\"potentialAction\":[{\"@type\":\"ReadAction\",\"target\":[\"https:\/\/www.finquesmarba.com\/ca\/avis-legal-2\/\"]}]},{\"@type\":\"BreadcrumbList\",\"@id\":\"https:\/\/www.finquesmarba.com\/ca\/avis-legal-2\/#breadcrumb\",\"itemListElement\":[{\"@type\":\"ListItem\",\"position\":1,\"name\":\"Inici\",\"item\":\"https:\/\/www.finquesmarba.com\/ca\/\"},{\"@type\":\"ListItem\",\"position\":2,\"name\":\"Av\u00eds Legal\"}]},{\"@type\":\"WebSite\",\"@id\":\"https:\/\/www.finquesmarba.com\/#website\",\"url\":\"https:\/\/www.finquesmarba.com\/\",\"name\":\"Finques Marb\u00e0\",\"description\":\"Just another WordPress site\",\"potentialAction\":[{\"@type\":\"SearchAction\",\"target\":{\"@type\":\"EntryPoint\",\"urlTemplate\":\"https:\/\/www.finquesmarba.com\/?s={search_term_string}\"},\"query-input\":\"required name=search_term_string\"}],\"inLanguage\":\"ca\"}]}<\/script>\n<!-- \/ Yoast SEO plugin. -->","yoast_head_json":{"title":"Av\u00eds Legal - Finques Marb\u00e0","description":"T'informem de tots els aspectes legals que has de con\u00e8ixer per navegar per www.finquesmarb\u00e0.com","robots":{"index":"index","follow":"nofollow","max-snippet":"max-snippet:-1","max-image-preview":"max-image-preview:large","max-video-preview":"max-video-preview:-1"},"canonical":"https:\/\/www.finquesmarba.com\/ca\/avis-legal-2\/","og_locale":"ca_ES","og_type":"article","og_title":"Av\u00eds Legal - Finques Marb\u00e0","og_description":"T'informem de tots els aspectes legals que has de con\u00e8ixer per navegar per www.finquesmarb\u00e0.com","og_url":"https:\/\/www.finquesmarba.com\/ca\/avis-legal-2\/","og_site_name":"Finques Marb\u00e0","article_publisher":"https:\/\/www.facebook.com\/finquesmarba","article_modified_time":"2020-11-30T16:31:20+00:00","twitter_card":"summary_large_image","twitter_misc":{"Temps estimat de lectura":"1 minut"},"schema":{"@context":"https:\/\/schema.org","@graph":[{"@type":"WebPage","@id":"https:\/\/www.finquesmarba.com\/ca\/avis-legal-2\/","url":"https:\/\/www.finquesmarba.com\/ca\/avis-legal-2\/","name":"Av\u00eds Legal - Finques Marb\u00e0","isPartOf":{"@id":"https:\/\/www.finquesmarba.com\/#website"},"datePublished":"2020-11-30T16:06:46+00:00","dateModified":"2020-11-30T16:31:20+00:00","description":"T'informem de tots els aspectes legals que has de con\u00e8ixer per navegar per www.finquesmarb\u00e0.com","breadcrumb":{"@id":"https:\/\/www.finquesmarba.com\/ca\/avis-legal-2\/#breadcrumb"},"inLanguage":"ca","potentialAction":[{"@type":"ReadAction","target":["https:\/\/www.finquesmarba.com\/ca\/avis-legal-2\/"]}]},{"@type":"BreadcrumbList","@id":"https:\/\/www.finquesmarba.com\/ca\/avis-legal-2\/#breadcrumb","itemListElement":[{"@type":"ListItem","position":1,"name":"Inici","item":"https:\/\/www.finquesmarba.com\/ca\/"},{"@type":"ListItem","position":2,"name":"Av\u00eds Legal"}]},{"@type":"WebSite","@id":"https:\/\/www.finquesmarba.com\/#website","url":"https:\/\/www.finquesmarba.com\/","name":"Finques Marb\u00e0","description":"Just another WordPress site","potentialAction":[{"@type":"SearchAction","target":{"@type":"EntryPoint","urlTemplate":"https:\/\/www.finquesmarba.com\/?s={search_term_string}"},"query-input":"required name=search_term_string"}],"inLanguage":"ca"}]}},"_links":{"self":[{"href":"https:\/\/www.finquesmarba.com\/ca\/wp-json\/wp\/v2\/pages\/43069","targetHints":{"allow":["GET"]}}],"collection":[{"href":"https:\/\/www.finquesmarba.com\/ca\/wp-json\/wp\/v2\/pages"}],"about":[{"href":"https:\/\/www.finquesmarba.com\/ca\/wp-json\/wp\/v2\/types\/page"}],"author":[{"embeddable":true,"href":"https:\/\/www.finquesmarba.com\/ca\/wp-json\/wp\/v2\/users\/1"}],"replies":[{"embeddable":true,"href":"https:\/\/www.finquesmarba.com\/ca\/wp-json\/wp\/v2\/comments?post=43069"}],"version-history":[{"count":1,"href":"https:\/\/www.finquesmarba.com\/ca\/wp-json\/wp\/v2\/pages\/43069\/revisions"}],"predecessor-version":[{"id":43071,"href":"https:\/\/www.finquesmarba.com\/ca\/wp-json\/wp\/v2\/pages\/43069\/revisions\/43071"}],"wp:attachment":[{"href":"https:\/\/www.finquesmarba.com\/ca\/wp-json\/wp\/v2\/media?parent=43069"}],"curies":[{"name":"wp","href":"https:\/\/api.w.org\/{rel}","templated":true}]}}