{"id":1682,"date":"2018-10-10T11:02:29","date_gmt":"2018-10-10T09:02:29","guid":{"rendered":"http:\/\/www.finquesmarba.com\/?page_id=1682"},"modified":"2019-09-16T09:37:24","modified_gmt":"2019-09-16T07:37:24","slug":"formulari-propietat","status":"publish","type":"page","link":"https:\/\/www.finquesmarba.com\/ca\/formulari-propietat\/","title":{"rendered":"Estic interessat en aquesta propietat"},"content":{"rendered":"<div class=\"form_property\">\n<h3>Formulari de contacte<\/h3>\n\n<div class=\"wpcf7 no-js\" id=\"wpcf7-f3562-o1\" lang=\"es-ES\" dir=\"ltr\">\n<div class=\"screen-reader-response\"><p role=\"status\" aria-live=\"polite\" aria-atomic=\"true\"><\/p> <ul><\/ul><\/div>\n<form action=\"\/ca\/wp-json\/wp\/v2\/pages\/1682#wpcf7-f3562-o1\" method=\"post\" class=\"wpcf7-form init\" aria-label=\"Formulario de contacto\" novalidate=\"novalidate\" data-status=\"init\">\n<div style=\"display: none;\">\n<input type=\"hidden\" name=\"_wpcf7\" value=\"3562\" \/>\n<input type=\"hidden\" name=\"_wpcf7_version\" value=\"5.8.4\" \/>\n<input type=\"hidden\" name=\"_wpcf7_locale\" value=\"es_ES\" \/>\n<input type=\"hidden\" name=\"_wpcf7_unit_tag\" value=\"wpcf7-f3562-o1\" \/>\n<input type=\"hidden\" name=\"_wpcf7_container_post\" value=\"0\" \/>\n<input type=\"hidden\" name=\"_wpcf7_posted_data_hash\" value=\"\" \/>\n<input type=\"hidden\" name=\"_wpcf7_recaptcha_response\" value=\"\" \/>\n<\/div>\n<p><span class=\"wpcf7-form-control-wrap\" data-name=\"your-name\"><input size=\"40\" class=\"wpcf7-form-control wpcf7-text wpcf7-validates-as-required form_1p\" aria-required=\"true\" aria-invalid=\"false\" placeholder=\"Nom*\" value=\"\" type=\"text\" name=\"your-name\" \/><\/span><br \/>\n<span class=\"wpcf7-form-control-wrap\" data-name=\"your-email\"><input size=\"40\" class=\"wpcf7-form-control wpcf7-email wpcf7-validates-as-required wpcf7-text wpcf7-validates-as-email form_1p\" aria-required=\"true\" aria-invalid=\"false\" placeholder=\"Correu electr\u00f2nic*\" value=\"\" type=\"email\" name=\"your-email\" \/><\/span><br \/>\n<span class=\"wpcf7-form-control-wrap\" data-name=\"your-phone\"><input size=\"40\" class=\"wpcf7-form-control wpcf7-text wpcf7-validates-as-required form_1p\" aria-required=\"true\" aria-invalid=\"false\" placeholder=\"Tel\u00e8fon*\" value=\"\" type=\"text\" name=\"your-phone\" \/><\/span>\n<\/p>\n<p><span class=\"wpcf7-form-control-wrap\" data-name=\"your-property\"><input size=\"40\" class=\"wpcf7-form-control wpcf7-text wpcf7-validates-as-required form_1p\" aria-required=\"true\" aria-invalid=\"false\" value=\"\" type=\"text\" name=\"your-property\" \/><\/span>\n<\/p>\n<p><span class=\"wpcf7-form-control-wrap\" data-name=\"your-subject\"><input size=\"40\" class=\"wpcf7-form-control wpcf7-text wpcf7-validates-as-required form_1p\" aria-required=\"true\" aria-invalid=\"false\" placeholder=\"Assumpte*\" value=\"\" type=\"text\" name=\"your-subject\" \/><\/span><br \/>\n<span class=\"wpcf7-form-control-wrap\" data-name=\"your-message\"><textarea cols=\"40\" rows=\"10\" class=\"wpcf7-form-control wpcf7-textarea form_1p\" aria-invalid=\"false\" placeholder=\"Motiu de contacte\" name=\"your-message\"><\/textarea><\/span>\n<\/p>\n<div class=\"form_nota\">\n\t<p>*Camps obligatoris\n\t<\/p>\n<\/div>\n<p><span class=\"wpcf7-form-control-wrap\" data-name=\"acceptance-901\"><span class=\"wpcf7-form-control wpcf7-acceptance\"><span class=\"wpcf7-list-item\"><label><input type=\"checkbox\" name=\"acceptance-901\" value=\"1\" aria-invalid=\"false\" \/><span class=\"wpcf7-list-item-label\">Accepto els <a href=\"https:\/\/www.finquesmarba.com\/ca\/avis-legal\/\" title=\"termes i condicions de privacitat\" target=\"_blank\">termes i condicions de privacitat.<\/a><\/span><\/label><\/span><\/span><\/span><br \/>\n\n<\/p>\n<p><input class=\"wpcf7-form-control wpcf7-submit has-spinner\" type=\"submit\" value=\"Enviar\" \/>\n<\/p><div class=\"wpcf7-response-output\" aria-hidden=\"true\"><\/div>\n<\/form>\n<\/div>\n\n<\/div>\n<div class=\"box_contact\">\n<h4>Finques Marb\u00e0<\/h4>\n<p><a href=\"mailto:info@finquesmarba.com\">info@finquesmarba.com<\/a><br \/>\n<a href=\"https:\/\/www.finquesmarba.com\">https:\/\/www.finquesmarba.com<\/a><br \/>\n934 583 687<br \/>\nBalmes,239 Pral. 1a Barcelona (Barcelona) 08006<\/p>\n<\/div>\n","protected":false},"excerpt":{"rendered":"<p>Formulari de contacte Finques Marb\u00e0 info@finquesmarba.com https:\/\/www.finquesmarba.com 934 583 687 Balmes,239 Pral. 1a Barcelona (Barcelona) 08006<\/p>\n","protected":false},"author":1,"featured_media":0,"parent":0,"menu_order":0,"comment_status":"closed","ping_status":"closed","template":"","meta":{"_et_pb_use_builder":"","_et_pb_old_content":"","_et_gb_content_width":"","footnotes":""},"class_list":["post-1682","page","type-page","status-publish","hentry"],"yoast_head":"<!-- This site is optimized with the Yoast SEO plugin v21.8 - https:\/\/yoast.com\/wordpress\/plugins\/seo\/ -->\n<title>Estic interessat en aquesta propietat - Finques Marb\u00e0<\/title>\n<meta name=\"description\" content=\"Est\u00e0s interessat en alguna de les nostres propietats? Omple el formulari de contacte i ens posarem en contacte amb tu al m\u00e9s aviat possible.\" \/>\n<meta name=\"robots\" content=\"index, follow, max-snippet:-1, max-image-preview:large, max-video-preview:-1\" \/>\n<link rel=\"canonical\" href=\"https:\/\/www.finquesmarba.com\/ca\/formulari-propietat\/\" \/>\n<meta property=\"og:locale\" content=\"ca_ES\" \/>\n<meta property=\"og:type\" content=\"article\" \/>\n<meta property=\"og:title\" content=\"Estic interessat en aquesta propietat - Finques Marb\u00e0\" \/>\n<meta property=\"og:description\" content=\"Est\u00e0s interessat en alguna de les nostres propietats? Omple el formulari de contacte i ens posarem en contacte amb tu al m\u00e9s aviat possible.\" \/>\n<meta property=\"og:url\" content=\"https:\/\/www.finquesmarba.com\/ca\/formulari-propietat\/\" \/>\n<meta property=\"og:site_name\" content=\"Finques Marb\u00e0\" \/>\n<meta property=\"article:publisher\" content=\"https:\/\/www.facebook.com\/finquesmarba\" \/>\n<meta property=\"article:modified_time\" content=\"2019-09-16T07:37:24+00:00\" \/>\n<meta name=\"twitter:card\" content=\"summary_large_image\" \/>\n<script type=\"application\/ld+json\" class=\"yoast-schema-graph\">{\"@context\":\"https:\/\/schema.org\",\"@graph\":[{\"@type\":\"WebPage\",\"@id\":\"https:\/\/www.finquesmarba.com\/ca\/formulari-propietat\/\",\"url\":\"https:\/\/www.finquesmarba.com\/ca\/formulari-propietat\/\",\"name\":\"Estic interessat en aquesta propietat - Finques Marb\u00e0\",\"isPartOf\":{\"@id\":\"https:\/\/www.finquesmarba.com\/#website\"},\"datePublished\":\"2018-10-10T09:02:29+00:00\",\"dateModified\":\"2019-09-16T07:37:24+00:00\",\"description\":\"Est\u00e0s interessat en alguna de les nostres propietats? Omple el formulari de contacte i ens posarem en contacte amb tu al m\u00e9s aviat possible.\",\"breadcrumb\":{\"@id\":\"https:\/\/www.finquesmarba.com\/ca\/formulari-propietat\/#breadcrumb\"},\"inLanguage\":\"ca\",\"potentialAction\":[{\"@type\":\"ReadAction\",\"target\":[\"https:\/\/www.finquesmarba.com\/ca\/formulari-propietat\/\"]}]},{\"@type\":\"BreadcrumbList\",\"@id\":\"https:\/\/www.finquesmarba.com\/ca\/formulari-propietat\/#breadcrumb\",\"itemListElement\":[{\"@type\":\"ListItem\",\"position\":1,\"name\":\"Inici\",\"item\":\"https:\/\/www.finquesmarba.com\/ca\/\"},{\"@type\":\"ListItem\",\"position\":2,\"name\":\"Estic interessat en aquesta propietat\"}]},{\"@type\":\"WebSite\",\"@id\":\"https:\/\/www.finquesmarba.com\/#website\",\"url\":\"https:\/\/www.finquesmarba.com\/\",\"name\":\"Finques Marb\u00e0\",\"description\":\"Just another WordPress site\",\"potentialAction\":[{\"@type\":\"SearchAction\",\"target\":{\"@type\":\"EntryPoint\",\"urlTemplate\":\"https:\/\/www.finquesmarba.com\/?s={search_term_string}\"},\"query-input\":\"required name=search_term_string\"}],\"inLanguage\":\"ca\"}]}<\/script>\n<!-- \/ Yoast SEO plugin. -->","yoast_head_json":{"title":"Estic interessat en aquesta propietat - Finques Marb\u00e0","description":"Est\u00e0s interessat en alguna de les nostres propietats? Omple el formulari de contacte i ens posarem en contacte amb tu al m\u00e9s aviat possible.","robots":{"index":"index","follow":"follow","max-snippet":"max-snippet:-1","max-image-preview":"max-image-preview:large","max-video-preview":"max-video-preview:-1"},"canonical":"https:\/\/www.finquesmarba.com\/ca\/formulari-propietat\/","og_locale":"ca_ES","og_type":"article","og_title":"Estic interessat en aquesta propietat - Finques Marb\u00e0","og_description":"Est\u00e0s interessat en alguna de les nostres propietats? Omple el formulari de contacte i ens posarem en contacte amb tu al m\u00e9s aviat possible.","og_url":"https:\/\/www.finquesmarba.com\/ca\/formulari-propietat\/","og_site_name":"Finques Marb\u00e0","article_publisher":"https:\/\/www.facebook.com\/finquesmarba","article_modified_time":"2019-09-16T07:37:24+00:00","twitter_card":"summary_large_image","schema":{"@context":"https:\/\/schema.org","@graph":[{"@type":"WebPage","@id":"https:\/\/www.finquesmarba.com\/ca\/formulari-propietat\/","url":"https:\/\/www.finquesmarba.com\/ca\/formulari-propietat\/","name":"Estic interessat en aquesta propietat - Finques Marb\u00e0","isPartOf":{"@id":"https:\/\/www.finquesmarba.com\/#website"},"datePublished":"2018-10-10T09:02:29+00:00","dateModified":"2019-09-16T07:37:24+00:00","description":"Est\u00e0s interessat en alguna de les nostres propietats? Omple el formulari de contacte i ens posarem en contacte amb tu al m\u00e9s aviat possible.","breadcrumb":{"@id":"https:\/\/www.finquesmarba.com\/ca\/formulari-propietat\/#breadcrumb"},"inLanguage":"ca","potentialAction":[{"@type":"ReadAction","target":["https:\/\/www.finquesmarba.com\/ca\/formulari-propietat\/"]}]},{"@type":"BreadcrumbList","@id":"https:\/\/www.finquesmarba.com\/ca\/formulari-propietat\/#breadcrumb","itemListElement":[{"@type":"ListItem","position":1,"name":"Inici","item":"https:\/\/www.finquesmarba.com\/ca\/"},{"@type":"ListItem","position":2,"name":"Estic interessat en aquesta propietat"}]},{"@type":"WebSite","@id":"https:\/\/www.finquesmarba.com\/#website","url":"https:\/\/www.finquesmarba.com\/","name":"Finques Marb\u00e0","description":"Just another WordPress site","potentialAction":[{"@type":"SearchAction","target":{"@type":"EntryPoint","urlTemplate":"https:\/\/www.finquesmarba.com\/?s={search_term_string}"},"query-input":"required name=search_term_string"}],"inLanguage":"ca"}]}},"_links":{"self":[{"href":"https:\/\/www.finquesmarba.com\/ca\/wp-json\/wp\/v2\/pages\/1682","targetHints":{"allow":["GET"]}}],"collection":[{"href":"https:\/\/www.finquesmarba.com\/ca\/wp-json\/wp\/v2\/pages"}],"about":[{"href":"https:\/\/www.finquesmarba.com\/ca\/wp-json\/wp\/v2\/types\/page"}],"author":[{"embeddable":true,"href":"https:\/\/www.finquesmarba.com\/ca\/wp-json\/wp\/v2\/users\/1"}],"replies":[{"embeddable":true,"href":"https:\/\/www.finquesmarba.com\/ca\/wp-json\/wp\/v2\/comments?post=1682"}],"version-history":[{"count":1,"href":"https:\/\/www.finquesmarba.com\/ca\/wp-json\/wp\/v2\/pages\/1682\/revisions"}],"predecessor-version":[{"id":8394,"href":"https:\/\/www.finquesmarba.com\/ca\/wp-json\/wp\/v2\/pages\/1682\/revisions\/8394"}],"wp:attachment":[{"href":"https:\/\/www.finquesmarba.com\/ca\/wp-json\/wp\/v2\/media?parent=1682"}],"curies":[{"name":"wp","href":"https:\/\/api.w.org\/{rel}","templated":true}]}}