{"id":10737,"date":"2019-01-24T14:25:55","date_gmt":"2019-01-24T13:25:55","guid":{"rendered":"https:\/\/www.finquesmarba.com\/?page_id=10737"},"modified":"2020-07-09T18:17:44","modified_gmt":"2020-07-09T16:17:44","slug":"tour-virtual","status":"publish","type":"page","link":"https:\/\/www.finquesmarba.com\/ca\/serveis-immobiliaris-barcelona\/tour-virtual\/","title":{"rendered":"El tour virtual, aportar valor per a vendre el teu pis millor"},"content":{"rendered":"<p>[et_pb_section bb_built=&#8221;1&#8243; inner_width=&#8221;auto&#8221; inner_max_width=&#8221;none&#8221;][et_pb_row][et_pb_column type=&#8221;4_4&#8243; custom_padding__hover=&#8221;|||&#8221; custom_padding=&#8221;|||&#8221;][et_pb_text _builder_version=&#8221;3.13.1&#8243;]<\/p>\n<h2 class=\"p1\">Tour Virtual: el servei que una ag\u00e8ncia immobili\u00e0ria et proposa per a aportar valor als teus compradors<\/h2>\n<p class=\"p1\">Avui dia els compradors d&#8217; un habitatge volen poder tenir tota la informaci\u00f3 al seu abast des del primer moment. Com a <strong>ag\u00e8ncia immobili\u00e0ria<\/strong> ens esforcem a posar a la teva disposici\u00f3 <strong>les \u00faltimes tecnologies del mercat immobiliari<\/strong> per a fer que el proc\u00e9s de venda de la teva propietat sigui c\u00f2mode, r\u00e0pid i efectiu.<\/p>\n<h2 class=\"p1\">Qu\u00e8 \u00e9s un Tour Virtual o Visita Virtual?<\/h2>\n<p class=\"p1\">El<strong> tour virtua<\/strong>l \u00e9s una eina immersiva que ajuda a que un usuari interactui amb una propietat en concret, ja sigui una casa, un local o unes oficines. N&#8217;hi ha prou amb un simple clic en la pantalla per a veure tot el que hi ha al teu voltant com si realment estiguessis all\u00e0.<\/p>\n<p class=\"p1\">Una <strong>visita virtual<\/strong> \u00e9s molt efectiva a l&#8217;hora de vendre una propietat. L&#8217;espai ha d&#8217;haver estat fotografiat pr\u00e8viament en 360\u00ba i aix\u00ed poder mostrar tots els detalls:<\/p>\n<ul>\n<li class=\"p1\">Pla en al\u00e7ada i en perspectiva<\/li>\n<li class=\"p1\">Tour 3D<\/li>\n<li class=\"p1\">Imatges de les habitacions des de diferents angles<\/li>\n<\/ul>\n<p class=\"p1\">El <strong>tour virtual<\/strong> no nom\u00e9s enriqueix l&#8217;experi\u00e8ncia de l&#8217;usuari que busca el pis que complementi la seva vida, sin\u00f3 que descarta totes aquelles visites innecess\u00e0ries, capta l&#8217;atenci\u00f3 dels futurs habitants de la teva propietat i permet diferenciar-te i de la compet\u00e8ncia.<\/p>\n<p>[\/et_pb_text][et_pb_divider _builder_version=&#8221;3.13.1&#8243; color=&#8221;#ffffff&#8221; \/][et_pb_button _builder_version=&#8221;3.13.1&#8243; button_text=&#8221;Contacta&#8217;ns i farem el tour virtual que enamorar\u00e0 al teu comprador&#8221; button_url=&#8221;https:\/\/www.finquesmarba.com\/ca\/contacte\/&#8221; button_alignment=&#8221;center&#8221; button_text_size__hover_enabled=&#8221;off&#8221; button_text_size__hover=&#8221;null&#8221; button_one_text_size__hover_enabled=&#8221;off&#8221; button_one_text_size__hover=&#8221;null&#8221; button_two_text_size__hover_enabled=&#8221;off&#8221; button_two_text_size__hover=&#8221;null&#8221; button_text_color__hover_enabled=&#8221;off&#8221; button_text_color__hover=&#8221;null&#8221; button_one_text_color__hover_enabled=&#8221;off&#8221; button_one_text_color__hover=&#8221;null&#8221; button_two_text_color__hover_enabled=&#8221;off&#8221; button_two_text_color__hover=&#8221;null&#8221; button_border_width__hover_enabled=&#8221;off&#8221; button_border_width__hover=&#8221;null&#8221; button_one_border_width__hover_enabled=&#8221;off&#8221; button_one_border_width__hover=&#8221;null&#8221; button_two_border_width__hover_enabled=&#8221;off&#8221; button_two_border_width__hover=&#8221;null&#8221; button_border_color__hover_enabled=&#8221;off&#8221; button_border_color__hover=&#8221;null&#8221; button_one_border_color__hover_enabled=&#8221;off&#8221; button_one_border_color__hover=&#8221;null&#8221; button_two_border_color__hover_enabled=&#8221;off&#8221; button_two_border_color__hover=&#8221;null&#8221; button_border_radius__hover_enabled=&#8221;off&#8221; button_border_radius__hover=&#8221;null&#8221; button_one_border_radius__hover_enabled=&#8221;off&#8221; button_one_border_radius__hover=&#8221;null&#8221; button_two_border_radius__hover_enabled=&#8221;off&#8221; button_two_border_radius__hover=&#8221;null&#8221; button_letter_spacing__hover_enabled=&#8221;off&#8221; button_letter_spacing__hover=&#8221;null&#8221; button_one_letter_spacing__hover_enabled=&#8221;off&#8221; button_one_letter_spacing__hover=&#8221;null&#8221; button_two_letter_spacing__hover_enabled=&#8221;off&#8221; button_two_letter_spacing__hover=&#8221;null&#8221; button_bg_color__hover_enabled=&#8221;off&#8221; button_bg_color__hover=&#8221;null&#8221; button_one_bg_color__hover_enabled=&#8221;off&#8221; button_one_bg_color__hover=&#8221;null&#8221; button_two_bg_color__hover_enabled=&#8221;off&#8221; button_two_bg_color__hover=&#8221;null&#8221; \/][et_pb_divider _builder_version=&#8221;3.13.1&#8243; color=&#8221;#ffffff&#8221; \/][et_pb_text _builder_version=&#8221;3.26.5&#8243; text_text_shadow_horizontal_length=&#8221;text_text_shadow_style,%91object Object%93&#8243; text_text_shadow_horizontal_length_tablet=&#8221;0px&#8221; text_text_shadow_vertical_length=&#8221;text_text_shadow_style,%91object Object%93&#8243; text_text_shadow_vertical_length_tablet=&#8221;0px&#8221; text_text_shadow_blur_strength=&#8221;text_text_shadow_style,%91object Object%93&#8243; text_text_shadow_blur_strength_tablet=&#8221;1px&#8221; link_text_shadow_horizontal_length=&#8221;link_text_shadow_style,%91object Object%93&#8243; link_text_shadow_horizontal_length_tablet=&#8221;0px&#8221; link_text_shadow_vertical_length=&#8221;link_text_shadow_style,%91object Object%93&#8243; link_text_shadow_vertical_length_tablet=&#8221;0px&#8221; link_text_shadow_blur_strength=&#8221;link_text_shadow_style,%91object Object%93&#8243; link_text_shadow_blur_strength_tablet=&#8221;1px&#8221; ul_text_shadow_horizontal_length=&#8221;ul_text_shadow_style,%91object Object%93&#8243; ul_text_shadow_horizontal_length_tablet=&#8221;0px&#8221; ul_text_shadow_vertical_length=&#8221;ul_text_shadow_style,%91object Object%93&#8243; ul_text_shadow_vertical_length_tablet=&#8221;0px&#8221; ul_text_shadow_blur_strength=&#8221;ul_text_shadow_style,%91object Object%93&#8243; ul_text_shadow_blur_strength_tablet=&#8221;1px&#8221; ol_text_shadow_horizontal_length=&#8221;ol_text_shadow_style,%91object Object%93&#8243; ol_text_shadow_horizontal_length_tablet=&#8221;0px&#8221; ol_text_shadow_vertical_length=&#8221;ol_text_shadow_style,%91object Object%93&#8243; ol_text_shadow_vertical_length_tablet=&#8221;0px&#8221; ol_text_shadow_blur_strength=&#8221;ol_text_shadow_style,%91object Object%93&#8243; ol_text_shadow_blur_strength_tablet=&#8221;1px&#8221; quote_text_shadow_horizontal_length=&#8221;quote_text_shadow_style,%91object Object%93&#8243; quote_text_shadow_horizontal_length_tablet=&#8221;0px&#8221; quote_text_shadow_vertical_length=&#8221;quote_text_shadow_style,%91object Object%93&#8243; quote_text_shadow_vertical_length_tablet=&#8221;0px&#8221; quote_text_shadow_blur_strength=&#8221;quote_text_shadow_style,%91object Object%93&#8243; quote_text_shadow_blur_strength_tablet=&#8221;1px&#8221; header_text_shadow_horizontal_length=&#8221;header_text_shadow_style,%91object Object%93&#8243; header_text_shadow_horizontal_length_tablet=&#8221;0px&#8221; header_text_shadow_vertical_length=&#8221;header_text_shadow_style,%91object Object%93&#8243; header_text_shadow_vertical_length_tablet=&#8221;0px&#8221; header_text_shadow_blur_strength=&#8221;header_text_shadow_style,%91object Object%93&#8243; header_text_shadow_blur_strength_tablet=&#8221;1px&#8221; header_2_text_shadow_horizontal_length=&#8221;header_2_text_shadow_style,%91object Object%93&#8243; header_2_text_shadow_horizontal_length_tablet=&#8221;0px&#8221; header_2_text_shadow_vertical_length=&#8221;header_2_text_shadow_style,%91object Object%93&#8243; header_2_text_shadow_vertical_length_tablet=&#8221;0px&#8221; header_2_text_shadow_blur_strength=&#8221;header_2_text_shadow_style,%91object Object%93&#8243; header_2_text_shadow_blur_strength_tablet=&#8221;1px&#8221; header_3_text_shadow_horizontal_length=&#8221;header_3_text_shadow_style,%91object Object%93&#8243; header_3_text_shadow_horizontal_length_tablet=&#8221;0px&#8221; header_3_text_shadow_vertical_length=&#8221;header_3_text_shadow_style,%91object Object%93&#8243; header_3_text_shadow_vertical_length_tablet=&#8221;0px&#8221; header_3_text_shadow_blur_strength=&#8221;header_3_text_shadow_style,%91object Object%93&#8243; header_3_text_shadow_blur_strength_tablet=&#8221;1px&#8221; header_4_text_shadow_horizontal_length=&#8221;header_4_text_shadow_style,%91object Object%93&#8243; header_4_text_shadow_horizontal_length_tablet=&#8221;0px&#8221; header_4_text_shadow_vertical_length=&#8221;header_4_text_shadow_style,%91object Object%93&#8243; header_4_text_shadow_vertical_length_tablet=&#8221;0px&#8221; header_4_text_shadow_blur_strength=&#8221;header_4_text_shadow_style,%91object Object%93&#8243; header_4_text_shadow_blur_strength_tablet=&#8221;1px&#8221; header_5_text_shadow_horizontal_length=&#8221;header_5_text_shadow_style,%91object Object%93&#8243; header_5_text_shadow_horizontal_length_tablet=&#8221;0px&#8221; header_5_text_shadow_vertical_length=&#8221;header_5_text_shadow_style,%91object Object%93&#8243; header_5_text_shadow_vertical_length_tablet=&#8221;0px&#8221; header_5_text_shadow_blur_strength=&#8221;header_5_text_shadow_style,%91object Object%93&#8243; header_5_text_shadow_blur_strength_tablet=&#8221;1px&#8221; header_6_text_shadow_horizontal_length=&#8221;header_6_text_shadow_style,%91object Object%93&#8243; header_6_text_shadow_horizontal_length_tablet=&#8221;0px&#8221; header_6_text_shadow_vertical_length=&#8221;header_6_text_shadow_style,%91object Object%93&#8243; header_6_text_shadow_vertical_length_tablet=&#8221;0px&#8221; header_6_text_shadow_blur_strength=&#8221;header_6_text_shadow_style,%91object Object%93&#8243; header_6_text_shadow_blur_strength_tablet=&#8221;1px&#8221; box_shadow_horizontal_tablet=&#8221;0px&#8221; box_shadow_vertical_tablet=&#8221;0px&#8221; box_shadow_blur_tablet=&#8221;40px&#8221; box_shadow_spread_tablet=&#8221;0px&#8221; z_index_tablet=&#8221;500&#8243;]<\/p>\n<p><iframe class=\"property-iframe\" src=\"https:\/\/ap.apinmo.com\/fotosvr\/tour.php?cod=7361482.1480\">\ufeff\ufeff<\/iframe><\/p>\n<p>[\/et_pb_text][et_pb_divider _builder_version=&#8221;3.13.1&#8243; color=&#8221;#f56a5f&#8221; divider_weight=&#8221;5&#8243; \/][et_pb_text _builder_version=&#8221;3.13.1&#8243;]<\/p>\n<h2 class=\"p1\">M\u00e9s possibilitats d&#8217;\u00e8xit a la teva venda o lloguer<\/h2>\n<p>[\/et_pb_text][\/et_pb_column][\/et_pb_row][et_pb_row][et_pb_column type=&#8221;1_2&#8243; custom_padding__hover=&#8221;|||&#8221; custom_padding=&#8221;|||&#8221;][et_pb_gallery _builder_version=&#8221;3.13.1&#8243; gallery_ids=&#8221;10598,10601,10604,10607&#8243; show_title_and_caption=&#8221;off&#8221; show_pagination=&#8221;off&#8221; hover_overlay_color=&#8221;rgba(255,255,255,0.9)&#8221; \/][\/et_pb_column][et_pb_column type=&#8221;1_2&#8243; custom_padding__hover=&#8221;|||&#8221; custom_padding=&#8221;|||&#8221;][et_pb_text _builder_version=&#8221;3.13.1&#8243;]<\/p>\n<ul>\n<li>\n<h3><strong>El tour virtual\u00a0estalvia temps en visites innecess\u00e0ries<\/strong><\/h3>\n<p>Amb la realitat virtual, les teves visites ja saben si estan interessades o no en la propietat abans de visitar-la.<\/li>\n<li>\n<h3><strong>Digues ad\u00e9u a les barreres geogr\u00e0fiques<\/strong><\/h3>\n<p>El futur inquil\u00ed o comprador pot observar l&#8217;habitatge des d&#8217;on vulgui i tantes vegades com desitgi.<\/li>\n<li>\n<h3><strong>La realitat virtual capta l&#8217;atenci\u00f3 dels usuaris<\/strong><\/h3>\n<p>El tour virtual genera molta confian\u00e7a ja que d\u00f3nes a con\u00e8ixer el teu habitatge amb total transpar\u00e8ncia.<\/li>\n<\/ul>\n<p>[\/et_pb_text][\/et_pb_column][\/et_pb_row][et_pb_row][et_pb_column type=&#8221;4_4&#8243; custom_padding__hover=&#8221;|||&#8221; custom_padding=&#8221;|||&#8221;][et_pb_divider _builder_version=&#8221;3.13.1&#8243; color=&#8221;#f56a5f&#8221; divider_weight=&#8221;5&#8243; \/][et_pb_text _builder_version=&#8221;3.13.1&#8243;]<\/p>\n<h2 class=\"p1\">Millora l&#8217;experi\u00e8ncia del teu futur comprador o inquil\u00ed<\/h2>\n<p>[\/et_pb_text][\/et_pb_column][\/et_pb_row][et_pb_row][et_pb_column type=&#8221;1_2&#8243; custom_padding__hover=&#8221;|||&#8221; custom_padding=&#8221;|||&#8221;][et_pb_text _builder_version=&#8221;3.13.1&#8243;]<\/p>\n<ul>\n<li>\n<h3><strong>Un tour 360\u00ba\u00a0\u00e9s una experi\u00e8ncia m\u00e9s real amb moviment i vida<\/strong><\/h3>\n<p>Els usuaris poden passejar tranquil\u00b7lament pel teu pis visitant cada habitaci\u00f3 i cada rac\u00f3.<\/li>\n<li>\n<h3><strong>Facilita la compra o lloguer a l&#8217;usuari<\/strong><\/h3>\n<p>Amb el tour virtual fomentes que es valorin les possibilitats de l&#8217;immoble, aix\u00ed es pot planificar amb calma els espais i imaginar-se vivint en ells.<\/li>\n<li>\n<h3><strong>La realitat virtual \u00e9s una manera innovadora i diferent de donar a con\u00e8ixer la teva propietat<\/strong><\/h3>\n<p class=\"p1\">Proporciones tota la informaci\u00f3 necess\u00e0ria de manera clara. El pla en diferents posicions, les habitacions des de tots els seus angles, com d&#8217;il\u00b7luminada \u00e9s la casa&#8230;<\/p>\n<\/li>\n<\/ul>\n<p>[\/et_pb_text][\/et_pb_column][et_pb_column type=&#8221;1_2&#8243; custom_padding__hover=&#8221;|||&#8221; custom_padding=&#8221;|||&#8221;][et_pb_gallery _builder_version=&#8221;3.13.1&#8243; gallery_ids=&#8221;10622,10628,10619,10616&#8243; fullwidth=&#8221;on&#8221; hover_overlay_color=&#8221;rgba(255,255,255,0.9)&#8221; \/][\/et_pb_column][\/et_pb_row][et_pb_row][et_pb_column type=&#8221;4_4&#8243; custom_padding__hover=&#8221;|||&#8221; custom_padding=&#8221;|||&#8221;][et_pb_button _builder_version=&#8221;3.13.1&#8243; button_text=&#8221;Vols una ag\u00e8ncia immobili\u00e0ria que t&#8217;ofereixi les millors eines? Contacta amb Marb\u00e0&#8221; button_url=&#8221;https:\/\/www.finquesmarba.com\/ca\/contacte\/&#8221; button_alignment=&#8221;center&#8221; button_text_size__hover_enabled=&#8221;off&#8221; button_text_size__hover=&#8221;null&#8221; button_one_text_size__hover_enabled=&#8221;off&#8221; button_one_text_size__hover=&#8221;null&#8221; button_two_text_size__hover_enabled=&#8221;off&#8221; button_two_text_size__hover=&#8221;null&#8221; button_text_color__hover_enabled=&#8221;off&#8221; button_text_color__hover=&#8221;null&#8221; button_one_text_color__hover_enabled=&#8221;off&#8221; button_one_text_color__hover=&#8221;null&#8221; button_two_text_color__hover_enabled=&#8221;off&#8221; button_two_text_color__hover=&#8221;null&#8221; button_border_width__hover_enabled=&#8221;off&#8221; button_border_width__hover=&#8221;null&#8221; button_one_border_width__hover_enabled=&#8221;off&#8221; button_one_border_width__hover=&#8221;null&#8221; button_two_border_width__hover_enabled=&#8221;off&#8221; button_two_border_width__hover=&#8221;null&#8221; button_border_color__hover_enabled=&#8221;off&#8221; button_border_color__hover=&#8221;null&#8221; button_one_border_color__hover_enabled=&#8221;off&#8221; button_one_border_color__hover=&#8221;null&#8221; button_two_border_color__hover_enabled=&#8221;off&#8221; button_two_border_color__hover=&#8221;null&#8221; button_border_radius__hover_enabled=&#8221;off&#8221; button_border_radius__hover=&#8221;null&#8221; button_one_border_radius__hover_enabled=&#8221;off&#8221; button_one_border_radius__hover=&#8221;null&#8221; button_two_border_radius__hover_enabled=&#8221;off&#8221; button_two_border_radius__hover=&#8221;null&#8221; button_letter_spacing__hover_enabled=&#8221;off&#8221; button_letter_spacing__hover=&#8221;null&#8221; button_one_letter_spacing__hover_enabled=&#8221;off&#8221; button_one_letter_spacing__hover=&#8221;null&#8221; button_two_letter_spacing__hover_enabled=&#8221;off&#8221; button_two_letter_spacing__hover=&#8221;null&#8221; button_bg_color__hover_enabled=&#8221;off&#8221; button_bg_color__hover=&#8221;null&#8221; button_one_bg_color__hover_enabled=&#8221;off&#8221; button_one_bg_color__hover=&#8221;null&#8221; button_two_bg_color__hover_enabled=&#8221;off&#8221; button_two_bg_color__hover=&#8221;null&#8221; \/][et_pb_divider _builder_version=&#8221;3.13.1&#8243; color=&#8221;#ffffff&#8221; \/][et_pb_text _builder_version=&#8221;3.26.5&#8243;]<\/p>\n<p class=\"p1\">Tenim una missi\u00f3 molt clara, ajudar-te al fet que trobis al perfecte comprador o inquil\u00ed. T&#8217;oferim el tour virtual perqu\u00e8 obtinguis la millor de les experi\u00e8ncies. Explica&#8217;ns les teves necessitats i nosaltres ens encarreguem de la resta.<\/p>\n<p>[\/et_pb_text][\/et_pb_column][\/et_pb_row][et_pb_row][et_pb_column type=&#8221;4_4&#8243; custom_padding__hover=&#8221;|||&#8221; custom_padding=&#8221;|||&#8221;][et_pb_sidebar _builder_version=&#8221;3.13.1&#8243; area=&#8221;et_pb_widget_area_1&#8243; module_class=&#8221;box_list_property&#8221; saved_tabs=&#8221;all&#8221; \/][\/et_pb_column][\/et_pb_row][\/et_pb_section]<\/p>\n","protected":false},"excerpt":{"rendered":"<p>Tour Virtual: el servei que una ag\u00e8ncia immobili\u00e0ria&#8230;<\/p>\n","protected":false},"author":1,"featured_media":0,"parent":10878,"menu_order":0,"comment_status":"closed","ping_status":"closed","template":"","meta":{"_et_pb_use_builder":"on","_et_pb_old_content":"","_et_gb_content_width":"","footnotes":""},"class_list":["post-10737","page","type-page","status-publish","hentry"],"yoast_head":"<!-- This site is optimized with the Yoast SEO plugin v21.8 - https:\/\/yoast.com\/wordpress\/plugins\/seo\/ -->\n<title>El tour virtual, aportar valor per a vendre el teu pis millor - Finques Marb\u00e0<\/title>\n<meta name=\"description\" content=\"Posem a la teva disposici\u00f3 el tour virtual per a fer que el proc\u00e9s de venda del teu pis sigui c\u00f2mode i efectiu. Marb\u00e0, la teva immobili\u00e0ria de Barcelona.\" \/>\n<meta name=\"robots\" content=\"index, follow, max-snippet:-1, max-image-preview:large, max-video-preview:-1\" \/>\n<link rel=\"canonical\" href=\"https:\/\/www.finquesmarba.com\/ca\/serveis-immobiliaris-barcelona\/tour-virtual\/\" \/>\n<meta property=\"og:locale\" content=\"ca_ES\" \/>\n<meta property=\"og:type\" content=\"article\" \/>\n<meta property=\"og:title\" content=\"El tour virtual, aportar valor per a vendre el teu pis millor - Finques Marb\u00e0\" \/>\n<meta property=\"og:description\" content=\"Posem a la teva disposici\u00f3 el tour virtual per a fer que el proc\u00e9s de venda del teu pis sigui c\u00f2mode i efectiu. Marb\u00e0, la teva immobili\u00e0ria de Barcelona.\" \/>\n<meta property=\"og:url\" content=\"https:\/\/www.finquesmarba.com\/ca\/serveis-immobiliaris-barcelona\/tour-virtual\/\" \/>\n<meta property=\"og:site_name\" content=\"Finques Marb\u00e0\" \/>\n<meta property=\"article:publisher\" content=\"https:\/\/www.facebook.com\/finquesmarba\" \/>\n<meta property=\"article:modified_time\" content=\"2020-07-09T16:17:44+00:00\" \/>\n<meta name=\"twitter:card\" content=\"summary_large_image\" \/>\n<meta name=\"twitter:label1\" content=\"Temps estimat de lectura\" \/>\n\t<meta name=\"twitter:data1\" content=\"10 minuts\" \/>\n<script type=\"application\/ld+json\" class=\"yoast-schema-graph\">{\"@context\":\"https:\/\/schema.org\",\"@graph\":[{\"@type\":\"WebPage\",\"@id\":\"https:\/\/www.finquesmarba.com\/ca\/serveis-immobiliaris-barcelona\/tour-virtual\/\",\"url\":\"https:\/\/www.finquesmarba.com\/ca\/serveis-immobiliaris-barcelona\/tour-virtual\/\",\"name\":\"El tour virtual, aportar valor per a vendre el teu pis millor - Finques Marb\u00e0\",\"isPartOf\":{\"@id\":\"https:\/\/www.finquesmarba.com\/#website\"},\"datePublished\":\"2019-01-24T13:25:55+00:00\",\"dateModified\":\"2020-07-09T16:17:44+00:00\",\"description\":\"Posem a la teva disposici\u00f3 el tour virtual per a fer que el proc\u00e9s de venda del teu pis sigui c\u00f2mode i efectiu. Marb\u00e0, la teva immobili\u00e0ria de Barcelona.\",\"breadcrumb\":{\"@id\":\"https:\/\/www.finquesmarba.com\/ca\/serveis-immobiliaris-barcelona\/tour-virtual\/#breadcrumb\"},\"inLanguage\":\"ca\",\"potentialAction\":[{\"@type\":\"ReadAction\",\"target\":[\"https:\/\/www.finquesmarba.com\/ca\/serveis-immobiliaris-barcelona\/tour-virtual\/\"]}]},{\"@type\":\"BreadcrumbList\",\"@id\":\"https:\/\/www.finquesmarba.com\/ca\/serveis-immobiliaris-barcelona\/tour-virtual\/#breadcrumb\",\"itemListElement\":[{\"@type\":\"ListItem\",\"position\":1,\"name\":\"Inici\",\"item\":\"https:\/\/www.finquesmarba.com\/ca\/\"},{\"@type\":\"ListItem\",\"position\":2,\"name\":\"Ag\u00e8ncia de serveis immobiliaris a Barcelona\",\"item\":\"https:\/\/www.finquesmarba.com\/ca\/serveis-immobiliaris-barcelona\/\"},{\"@type\":\"ListItem\",\"position\":3,\"name\":\"El tour virtual, aportar valor per a vendre el teu pis millor\"}]},{\"@type\":\"WebSite\",\"@id\":\"https:\/\/www.finquesmarba.com\/#website\",\"url\":\"https:\/\/www.finquesmarba.com\/\",\"name\":\"Finques Marb\u00e0\",\"description\":\"Just another WordPress site\",\"potentialAction\":[{\"@type\":\"SearchAction\",\"target\":{\"@type\":\"EntryPoint\",\"urlTemplate\":\"https:\/\/www.finquesmarba.com\/?s={search_term_string}\"},\"query-input\":\"required name=search_term_string\"}],\"inLanguage\":\"ca\"}]}<\/script>\n<!-- \/ Yoast SEO plugin. -->","yoast_head_json":{"title":"El tour virtual, aportar valor per a vendre el teu pis millor - Finques Marb\u00e0","description":"Posem a la teva disposici\u00f3 el tour virtual per a fer que el proc\u00e9s de venda del teu pis sigui c\u00f2mode i efectiu. Marb\u00e0, la teva immobili\u00e0ria de Barcelona.","robots":{"index":"index","follow":"follow","max-snippet":"max-snippet:-1","max-image-preview":"max-image-preview:large","max-video-preview":"max-video-preview:-1"},"canonical":"https:\/\/www.finquesmarba.com\/ca\/serveis-immobiliaris-barcelona\/tour-virtual\/","og_locale":"ca_ES","og_type":"article","og_title":"El tour virtual, aportar valor per a vendre el teu pis millor - Finques Marb\u00e0","og_description":"Posem a la teva disposici\u00f3 el tour virtual per a fer que el proc\u00e9s de venda del teu pis sigui c\u00f2mode i efectiu. Marb\u00e0, la teva immobili\u00e0ria de Barcelona.","og_url":"https:\/\/www.finquesmarba.com\/ca\/serveis-immobiliaris-barcelona\/tour-virtual\/","og_site_name":"Finques Marb\u00e0","article_publisher":"https:\/\/www.facebook.com\/finquesmarba","article_modified_time":"2020-07-09T16:17:44+00:00","twitter_card":"summary_large_image","twitter_misc":{"Temps estimat de lectura":"10 minuts"},"schema":{"@context":"https:\/\/schema.org","@graph":[{"@type":"WebPage","@id":"https:\/\/www.finquesmarba.com\/ca\/serveis-immobiliaris-barcelona\/tour-virtual\/","url":"https:\/\/www.finquesmarba.com\/ca\/serveis-immobiliaris-barcelona\/tour-virtual\/","name":"El tour virtual, aportar valor per a vendre el teu pis millor - Finques Marb\u00e0","isPartOf":{"@id":"https:\/\/www.finquesmarba.com\/#website"},"datePublished":"2019-01-24T13:25:55+00:00","dateModified":"2020-07-09T16:17:44+00:00","description":"Posem a la teva disposici\u00f3 el tour virtual per a fer que el proc\u00e9s de venda del teu pis sigui c\u00f2mode i efectiu. Marb\u00e0, la teva immobili\u00e0ria de Barcelona.","breadcrumb":{"@id":"https:\/\/www.finquesmarba.com\/ca\/serveis-immobiliaris-barcelona\/tour-virtual\/#breadcrumb"},"inLanguage":"ca","potentialAction":[{"@type":"ReadAction","target":["https:\/\/www.finquesmarba.com\/ca\/serveis-immobiliaris-barcelona\/tour-virtual\/"]}]},{"@type":"BreadcrumbList","@id":"https:\/\/www.finquesmarba.com\/ca\/serveis-immobiliaris-barcelona\/tour-virtual\/#breadcrumb","itemListElement":[{"@type":"ListItem","position":1,"name":"Inici","item":"https:\/\/www.finquesmarba.com\/ca\/"},{"@type":"ListItem","position":2,"name":"Ag\u00e8ncia de serveis immobiliaris a Barcelona","item":"https:\/\/www.finquesmarba.com\/ca\/serveis-immobiliaris-barcelona\/"},{"@type":"ListItem","position":3,"name":"El tour virtual, aportar valor per a vendre el teu pis millor"}]},{"@type":"WebSite","@id":"https:\/\/www.finquesmarba.com\/#website","url":"https:\/\/www.finquesmarba.com\/","name":"Finques Marb\u00e0","description":"Just another WordPress site","potentialAction":[{"@type":"SearchAction","target":{"@type":"EntryPoint","urlTemplate":"https:\/\/www.finquesmarba.com\/?s={search_term_string}"},"query-input":"required name=search_term_string"}],"inLanguage":"ca"}]}},"_links":{"self":[{"href":"https:\/\/www.finquesmarba.com\/ca\/wp-json\/wp\/v2\/pages\/10737","targetHints":{"allow":["GET"]}}],"collection":[{"href":"https:\/\/www.finquesmarba.com\/ca\/wp-json\/wp\/v2\/pages"}],"about":[{"href":"https:\/\/www.finquesmarba.com\/ca\/wp-json\/wp\/v2\/types\/page"}],"author":[{"embeddable":true,"href":"https:\/\/www.finquesmarba.com\/ca\/wp-json\/wp\/v2\/users\/1"}],"replies":[{"embeddable":true,"href":"https:\/\/www.finquesmarba.com\/ca\/wp-json\/wp\/v2\/comments?post=10737"}],"version-history":[{"count":12,"href":"https:\/\/www.finquesmarba.com\/ca\/wp-json\/wp\/v2\/pages\/10737\/revisions"}],"predecessor-version":[{"id":40046,"href":"https:\/\/www.finquesmarba.com\/ca\/wp-json\/wp\/v2\/pages\/10737\/revisions\/40046"}],"up":[{"embeddable":true,"href":"https:\/\/www.finquesmarba.com\/ca\/wp-json\/wp\/v2\/pages\/10878"}],"wp:attachment":[{"href":"https:\/\/www.finquesmarba.com\/ca\/wp-json\/wp\/v2\/media?parent=10737"}],"curies":[{"name":"wp","href":"https:\/\/api.w.org\/{rel}","templated":true}]}}